{"id":28,"date":"2021-08-11T13:58:21","date_gmt":"2021-08-11T05:58:21","guid":{"rendered":"http:\/\/localhost:273\/?page_id=28"},"modified":"2025-03-27T15:56:56","modified_gmt":"2025-03-27T07:56:56","slug":"uber-uns","status":"publish","type":"page","link":"https:\/\/east-asia-motor.com\/de\/uber-uns\/","title":{"rendered":"\u00dcber uns"},"content":{"rendered":"<h2>Zhangjiagang Free Trade Zone Hengchuang Textile Co., Ltd.<\/h2>\n<p>wurde am 15. September 2015 gegr\u00fcndet und befindet sich in der Stadt Suzhou mit hervorragender Lage und bequemen Transportm\u00f6glichkeiten. Das Unternehmen ist haupts\u00e4chlich auf Wollstoffe, Kaschmir und andere Wollprodukte spezialisiert. Wir k\u00f6nnen alle Arten von Stoffprodukten je nach Marketing und Kundenanforderungen anpassen. Wir halten uns an das Gesch\u00e4ftsprinzip des gegenseitigen Nutzens und haben unsere Produkte nach Korea, Amerika und Europa exportiert. Aufgrund unserer professionellen Dienstleistungen, Qualit\u00e4tsprodukte und wettbewerbsf\u00e4higen Preise haben wir einen guten Ruf bei unseren Kunden. Unser Produkt ist bei den Menschen sehr beliebt. Wir hei\u00dfen Kunden aus dem In- und Ausland herzlich willkommen, mit uns f\u00fcr den gemeinsamen Erfolg zusammenzuarbeiten.<\/p>","protected":false},"excerpt":{"rendered":"<p>Zhangjiagang Free Trade Zone Hengchuang Textile Co., Ltd. wurde am 15. September 2015 gegr\u00fcndet und befindet sich in der Stadt Suzhou mit hervorragender Lage und bequemem Transport. Das Unternehmen ist vor allem auf Wollstoffe, Kaschmir und andere Wollprodukte spezialisiert. Wir k\u00f6nnen alle Arten von Stoffprodukten je nach Marketing und Kundenanforderungen anpassen. Wir halten uns an das Gesch\u00e4ftsprinzip der [...]<\/p>","protected":false},"author":1,"featured_media":0,"parent":0,"menu_order":0,"comment_status":"open","ping_status":"closed","template":"page.php","meta":{"footnotes":""},"acf":[],"_links":{"self":[{"href":"https:\/\/east-asia-motor.com\/de\/wp-json\/wp\/v2\/pages\/28"}],"collection":[{"href":"https:\/\/east-asia-motor.com\/de\/wp-json\/wp\/v2\/pages"}],"about":[{"href":"https:\/\/east-asia-motor.com\/de\/wp-json\/wp\/v2\/types\/page"}],"author":[{"embeddable":true,"href":"https:\/\/east-asia-motor.com\/de\/wp-json\/wp\/v2\/users\/1"}],"replies":[{"embeddable":true,"href":"https:\/\/east-asia-motor.com\/de\/wp-json\/wp\/v2\/comments?post=28"}],"version-history":[{"count":0,"href":"https:\/\/east-asia-motor.com\/de\/wp-json\/wp\/v2\/pages\/28\/revisions"}],"wp:attachment":[{"href":"https:\/\/east-asia-motor.com\/de\/wp-json\/wp\/v2\/media?parent=28"}],"curies":[{"name":"wp","href":"https:\/\/api.w.org\/{rel}","templated":true}]}}