{"id":28,"date":"2021-08-11T13:58:21","date_gmt":"2021-08-11T05:58:21","guid":{"rendered":"http:\/\/localhost:273\/?page_id=28"},"modified":"2025-03-27T15:56:56","modified_gmt":"2025-03-27T07:56:56","slug":"sobre-nos","status":"publish","type":"page","link":"https:\/\/east-asia-motor.com\/pt\/sobre-nos\/","title":{"rendered":"Sobre n\u00f3s"},"content":{"rendered":"<h2>Zhangjiagang Free Trade Zone Hengchuang Textile Co., Ltd.<\/h2>\n<p>foi fundada em 15 de setembro de 2015, localizada na cidade de Suzhou com localiza\u00e7\u00e3o superior e transporte conveniente. A empresa \u00e9 maior em tecido de l\u00e3, caxemira e outros produtos de l\u00e3, podemos personalizar todos os tipos de produtos de tecido de acordo com o marketing e os requisitos dos clientes. Aderindo ao princ\u00edpio empresarial de benef\u00edcios m\u00fatuos, os nossos produtos t\u00eam sido exportados para a Coreia, Am\u00e9rica e \u00e1reas europeias, temos tido uma reputa\u00e7\u00e3o fi\u00e1vel entre os nossos clientes devido aos nossos servi\u00e7os profissionais, produtos de qualidade e pre\u00e7os competitivos. O nosso produto \u00e9 muito apreciado pelas pessoas. Damos as boas-vindas aos clientes nacionais e estrangeiros para cooperar connosco para o sucesso comum.<\/p>","protected":false},"excerpt":{"rendered":"<p>Zhangjiagang Free Trade Zone Hengchuang Textile Co., Ltd. foi fundada em 15 de setembro de 2015, localizada na cidade de Suzhou com localiza\u00e7\u00e3o superior e transporte conveniente. A empresa \u00e9 importante em tecido de l\u00e3, caxemira e outros produtos de l\u00e3, podemos personalizar todos os tipos de produtos de tecido de acordo com o marketing e os requisitos dos clientes. Aderindo ao princ\u00edpio de neg\u00f3cios de [...]<\/p>","protected":false},"author":1,"featured_media":0,"parent":0,"menu_order":0,"comment_status":"open","ping_status":"closed","template":"page.php","meta":{"footnotes":""},"acf":[],"_links":{"self":[{"href":"https:\/\/east-asia-motor.com\/pt\/wp-json\/wp\/v2\/pages\/28"}],"collection":[{"href":"https:\/\/east-asia-motor.com\/pt\/wp-json\/wp\/v2\/pages"}],"about":[{"href":"https:\/\/east-asia-motor.com\/pt\/wp-json\/wp\/v2\/types\/page"}],"author":[{"embeddable":true,"href":"https:\/\/east-asia-motor.com\/pt\/wp-json\/wp\/v2\/users\/1"}],"replies":[{"embeddable":true,"href":"https:\/\/east-asia-motor.com\/pt\/wp-json\/wp\/v2\/comments?post=28"}],"version-history":[{"count":0,"href":"https:\/\/east-asia-motor.com\/pt\/wp-json\/wp\/v2\/pages\/28\/revisions"}],"wp:attachment":[{"href":"https:\/\/east-asia-motor.com\/pt\/wp-json\/wp\/v2\/media?parent=28"}],"curies":[{"name":"wp","href":"https:\/\/api.w.org\/{rel}","templated":true}]}}